{"id":1292,"date":"2023-01-26T08:29:08","date_gmt":"2023-01-26T08:29:08","guid":{"rendered":"https:\/\/unionstar.shop\/?post_type=product&#038;p=1292"},"modified":"2025-12-08T09:11:18","modified_gmt":"2025-12-08T09:11:18","slug":"late-harvest","status":"publish","type":"product","link":"https:\/\/unionstar.shop\/zh\/product\/late-harvest\/","title":{"rendered":"Late Harvest"},"content":{"rendered":"<p>A late-harvest Cuv\u00e9e made from Furmint and H\u00e1rslevel\u0171 grapes. Delicate, pleasantly fresh, elegant and citrusy on the nose. It boasts fruity, honeyed flavours with a hint of southern fruitiness. It is characterised by classic elegance and balanced acidity.<\/p>\n<p><strong>\u5e74\u4efd\uff1a<\/strong>\u00a02019<br \/>\n<strong>\u984f\u8272\uff1a<\/strong> \u91d1\u9ec3\u8272<br \/>\n<strong>\u9152\u7cbe\u542b\u91cf\uff1a<\/strong> 11.54%<br \/>\n<strong>\u74f6\u88dd\uff1a<\/strong>\u00a0500 ml<br \/>\n<strong>\u7522\u5340\uff1a<\/strong>\u00a0Tokaj<br \/>\n<strong>\u6027\u8cea\uff1a<\/strong>\u00a0Sweet<br \/>\n<strong>\u9178\u5ea6\uff1a<\/strong> 7.02 g\/l<br \/>\n<strong>\u751c\u5ea6\uff1a<\/strong> 120.6 g\/l<br \/>\n<strong>\u6700\u4f73\u6eab\u5ea6\uff1a<\/strong>\u00a08-10\u00b0C<\/p>","protected":false},"excerpt":{"rendered":"<p>A late-harvest Cuv\u00e9e made from Furmint and H\u00e1rslevel\u0171 grapes. Delicate, pleasantly fresh, elegant and citrusy on the nose. It boasts fruity, honeyed flavours with a hint of southern fruitiness. It is characterised by classic elegance and balanced acidity. Year:\u00a02019 Colour: white Alcohol: 11.54% Bottle:\u00a0500 ml Wine Region:\u00a0Tokaj Nature:\u00a0Sweet Acid: 7.02 g\/l Sugar: 120.6 g\/l Optimal [&hellip;]<\/p>\n","protected":false},"featured_media":1293,"template":"","meta":{"_et_pb_use_builder":"off","_et_pb_old_content":"Its aroma mixes a pleasant honey character thanks to the notes of propolis and wax. As you move, apricots, peaches, and jam return from the glass. Botritis is softly present. In its taste, a nice pleasant sweet feeling can be observed, which is mixed with the taste of compotes and southern fruits. The perfect balance is restored by the acids, alcohol only plays an accompanying role. Our Tokajicum 6 puttonyos asz\u00fa is a special experience when consumed on its own.\r\n\r\n<strong>Colour:<\/strong> white\r\n<strong>Alcohol:<\/strong> 10.5%\r\n<strong>Year:<\/strong>\u00a02017\r\n<strong>Bottle:<\/strong>\u00a0500 ml\r\n<strong>Wine Region:<\/strong>\u00a0Tokaj\r\n<strong>Nature:<\/strong>\u00a0Aszu\r\n<strong>Manufacturing:<\/strong>\u00a0in oak barrel\r\n<strong>Acid:<\/strong> 8.8\r\n<strong>Sugar:<\/strong> 187\r\n<strong>Optimal temperature:<\/strong>\u00a012\u00b0C","_et_gb_content_width":"","inline_featured_image":false},"product_brand":[],"product_cat":[26],"product_tag":[],"class_list":{"0":"post-1292","1":"product","2":"type-product","3":"status-publish","4":"has-post-thumbnail","6":"product_cat-wines","8":"first","9":"outofstock","10":"sale","11":"shipping-taxable","12":"purchasable","13":"product-type-simple"},"blog_post_layout_featured_media_urls":{"thumbnail":["https:\/\/unionstar.shop\/wp-content\/uploads\/2023\/01\/LateHarvest-150x150.jpg",150,150,true],"full":["https:\/\/unionstar.shop\/wp-content\/uploads\/2023\/01\/LateHarvest.jpg",940,788,false]},"categories":null,"categories_names":null,"comments_number":0,"_links":{"self":[{"href":"https:\/\/unionstar.shop\/zh\/wp-json\/wp\/v2\/product\/1292","targetHints":{"allow":["GET"]}}],"collection":[{"href":"https:\/\/unionstar.shop\/zh\/wp-json\/wp\/v2\/product"}],"about":[{"href":"https:\/\/unionstar.shop\/zh\/wp-json\/wp\/v2\/types\/product"}],"wp:featuredmedia":[{"embeddable":true,"href":"https:\/\/unionstar.shop\/zh\/wp-json\/wp\/v2\/media\/1293"}],"wp:attachment":[{"href":"https:\/\/unionstar.shop\/zh\/wp-json\/wp\/v2\/media?parent=1292"}],"wp:term":[{"taxonomy":"product_brand","embeddable":true,"href":"https:\/\/unionstar.shop\/zh\/wp-json\/wp\/v2\/product_brand?post=1292"},{"taxonomy":"product_cat","embeddable":true,"href":"https:\/\/unionstar.shop\/zh\/wp-json\/wp\/v2\/product_cat?post=1292"},{"taxonomy":"product_tag","embeddable":true,"href":"https:\/\/unionstar.shop\/zh\/wp-json\/wp\/v2\/product_tag?post=1292"}],"curies":[{"name":"wp","href":"https:\/\/api.w.org\/{rel}","templated":true}]}}