{"id":1288,"date":"2023-01-26T08:12:15","date_gmt":"2023-01-26T08:12:15","guid":{"rendered":"https:\/\/unionstar.shop\/?post_type=product&#038;p=1288"},"modified":"2023-02-11T12:20:09","modified_gmt":"2023-02-11T12:20:09","slug":"tokaji-kedves","status":"publish","type":"product","link":"https:\/\/unionstar.shop\/zh\/product\/tokaji-kedves\/","title":{"rendered":"Tokaji Kedves"},"content":{"rendered":"<p>\u9019\u6b3e\u7368\u7279\u7684Tokaj-Hegyalja\u6df7\u5408\u4e86Furmint\u3001H\u00e1rslevel\u0171\uff08\u54c8\u65af\u840a\u5a01\u8def\uff09\u3001Z\u00e9ta\uff08\u9f4a\u5854\uff09\u548cK\u00f6v\u00e9rsz\u0151l\u0151\uff08\u79d1\u6c83\u65af\u4f50\u7f85\uff09\u8461\u8404\u54c1\u7a2e\uff0c\u5f62\u6210\u4e86\u81ea\u7136\u3001\u591a\u6a23\u3001\u53c8\u4ee4\u4eba\u6109\u6085\u7684\u8461\u8404\u9152\u3002\u68a8\u5b50\u548c\u5357\u65b9\u6c34\u679c\u7684\u9999\u6c23\u548c\u5473\u9053\u4f7f\u5f97\u9019\u6b3e\u9152\u8f15\u76c8\u3001\u8c50\u5bcc\u53c8\u5e73\u8861\u3002  <\/p>\n<p><strong>\u5e74\u4efd\uff1a<\/strong>\u00a02021<br \/>\n<strong>\u984f\u8272\uff1a<\/strong> \u91d1\u9ec3\u8272<br \/>\n<strong>\u9152\u7cbe\u542b\u91cf\uff1a<\/strong> 11.32%<br \/>\n<strong>\u74f6\u88dd\uff1a<\/strong>\u00a0500 ml<br \/>\n<strong>\u7522\u5340\uff1a<\/strong>\u00a0Tokaj<br \/>\n<strong>\u91c0\u9152\u719f\u6210\uff1a<\/strong>\u00a0\u7f50\u88dd<br \/>\n<strong>\u9178\u5ea6\uff1a<\/strong> 7.1 g\/l<br \/>\n<strong>\u751c\u5ea6\uff1a<\/strong> 73.3 g\/l<br \/>\n<strong>\u6700\u4f73\u6eab\u5ea6\uff1a<\/strong>\u00a012\u00b0C<\/p>","protected":false},"excerpt":{"rendered":"<p>This unique Tokaj-Hegyalja blends Furmint, H\u00e1rslevel\u0171, Z\u00e9ta and K\u00f6v\u00e9rsz\u0151l\u0151 grape varieties to shape into a natural, colourful and delightful wine. A light, well-balanced, yet rich wine endowed with pear and southern fruit aromas and flavours. Year:\u00a02021 Colour: white Alcohol: 11.32% Bottle:\u00a0500 ml Wine Region:\u00a0Tokaj Manufacturing:\u00a0tank Acid: 7.1 g\/l Sugar: 73.3 g\/l Optimal temperature:\u00a012\u00b0C<\/p>","protected":false},"featured_media":1289,"template":"","meta":{"_et_pb_use_builder":"off","_et_pb_old_content":"Its aroma mixes a pleasant honey character thanks to the notes of propolis and wax. As you move, apricots, peaches, and jam return from the glass. Botritis is softly present. In its taste, a nice pleasant sweet feeling can be observed, which is mixed with the taste of compotes and southern fruits. The perfect balance is restored by the acids, alcohol only plays an accompanying role. Our Tokajicum 6 puttonyos asz\u00fa is a special experience when consumed on its own.\r\n\r\n<strong>Colour:<\/strong> white\r\n<strong>Alcohol:<\/strong> 10.5%\r\n<strong>Year:<\/strong>\u00a02017\r\n<strong>Bottle:<\/strong>\u00a0500 ml\r\n<strong>Wine Region:<\/strong>\u00a0Tokaj\r\n<strong>Nature:<\/strong>\u00a0Aszu\r\n<strong>Manufacturing:<\/strong>\u00a0in oak barrel\r\n<strong>Acid:<\/strong> 8.8\r\n<strong>Sugar:<\/strong> 187\r\n<strong>Optimal temperature:<\/strong>\u00a012\u00b0C","_et_gb_content_width":"","inline_featured_image":false},"product_brand":[],"product_cat":[26],"product_tag":[],"class_list":{"0":"post-1288","1":"product","2":"type-product","3":"status-publish","4":"has-post-thumbnail","6":"product_cat-wines","8":"first","9":"instock","10":"sale","11":"shipping-taxable","12":"purchasable","13":"product-type-simple"},"blog_post_layout_featured_media_urls":{"thumbnail":["https:\/\/unionstar.shop\/wp-content\/uploads\/2023\/01\/Kedves-150x150.jpg",150,150,true],"full":["https:\/\/unionstar.shop\/wp-content\/uploads\/2023\/01\/Kedves.jpg",2400,2400,false]},"categories":null,"categories_names":null,"comments_number":0,"_links":{"self":[{"href":"https:\/\/unionstar.shop\/zh\/wp-json\/wp\/v2\/product\/1288","targetHints":{"allow":["GET"]}}],"collection":[{"href":"https:\/\/unionstar.shop\/zh\/wp-json\/wp\/v2\/product"}],"about":[{"href":"https:\/\/unionstar.shop\/zh\/wp-json\/wp\/v2\/types\/product"}],"wp:featuredmedia":[{"embeddable":true,"href":"https:\/\/unionstar.shop\/zh\/wp-json\/wp\/v2\/media\/1289"}],"wp:attachment":[{"href":"https:\/\/unionstar.shop\/zh\/wp-json\/wp\/v2\/media?parent=1288"}],"wp:term":[{"taxonomy":"product_brand","embeddable":true,"href":"https:\/\/unionstar.shop\/zh\/wp-json\/wp\/v2\/product_brand?post=1288"},{"taxonomy":"product_cat","embeddable":true,"href":"https:\/\/unionstar.shop\/zh\/wp-json\/wp\/v2\/product_cat?post=1288"},{"taxonomy":"product_tag","embeddable":true,"href":"https:\/\/unionstar.shop\/zh\/wp-json\/wp\/v2\/product_tag?post=1288"}],"curies":[{"name":"wp","href":"https:\/\/api.w.org\/{rel}","templated":true}]}}